{"id":2073,"date":"2020-12-18T17:01:49","date_gmt":"2020-12-18T16:01:49","guid":{"rendered":"https:\/\/enviedelisbonne.fr\/investir-em-lisboa\/"},"modified":"2020-12-18T17:01:49","modified_gmt":"2020-12-18T16:01:49","slug":"investir-em-lisboa","status":"publish","type":"page","link":"https:\/\/enviedelisbonne.fr\/en\/investir-em-lisboa\/","title":{"rendered":"Investir em Lisboa"},"content":{"rendered":"","protected":false},"excerpt":{"rendered":"","protected":false},"author":2,"featured_media":0,"parent":0,"menu_order":0,"comment_status":"closed","ping_status":"closed","template":"elementor_header_footer","meta":{"_monsterinsights_skip_tracking":false,"_monsterinsights_sitenote_active":false,"_monsterinsights_sitenote_note":"","_monsterinsights_sitenote_category":0,"footnotes":""},"class_list":["post-2073","page","type-page","status-publish","hentry"],"yoast_head":"<!-- This site is optimized with the Yoast SEO plugin v27.3 - https:\/\/yoast.com\/product\/yoast-seo-wordpress\/ -->\n<title>Investir em Lisboa - Ca\u00e7a em apartamentos - Rentabilidade - Independ\u00eancia<\/title>\n<meta name=\"description\" content=\"Envie de Lisbonne est\u00e1 \u00e0 procura do seu alojamento, acompanha-o no seu projecto de investimento - Apartamento \/ Casa em Lisboa e sua regi\u00e3o\" \/>\n<meta name=\"robots\" content=\"index, follow, max-snippet:-1, max-image-preview:large, max-video-preview:-1\" \/>\n<link rel=\"canonical\" href=\"https:\/\/enviedelisbonne.fr\/en\/investir-em-lisboa\/\" \/>\n<meta property=\"og:locale\" content=\"en_GB\" \/>\n<meta property=\"og:type\" content=\"article\" \/>\n<meta property=\"og:title\" content=\"Investir em Lisboa - Ca\u00e7a em apartamentos - Rentabilidade - Independ\u00eancia\" \/>\n<meta property=\"og:description\" content=\"Envie de Lisbonne trata da ca\u00e7a ao apartamento, acompanha os investidores na procura de propriedades e aconselha sobre o estabelecimento do patrim\u00f3nio\" \/>\n<meta property=\"og:url\" content=\"https:\/\/enviedelisbonne.fr\/en\/investir-em-lisboa\/\" \/>\n<meta property=\"og:site_name\" content=\"Envie de Lisbonne\" \/>\n<meta property=\"og:image\" content=\"https:\/\/enviedelisbonne.fr\/wp-content\/uploads\/2020\/11\/Untitled-design-1.png\" \/>\n\t<meta property=\"og:image:width\" content=\"1200\" \/>\n\t<meta property=\"og:image:height\" content=\"630\" \/>\n\t<meta property=\"og:image:type\" content=\"image\/png\" \/>\n<meta name=\"twitter:card\" content=\"summary_large_image\" \/>\n<script type=\"application\/ld+json\" class=\"yoast-schema-graph\">{\"@context\":\"https:\\\/\\\/schema.org\",\"@graph\":[{\"@type\":\"WebPage\",\"@id\":\"https:\\\/\\\/enviedelisbonne.fr\\\/investir-em-lisboa\\\/\",\"url\":\"https:\\\/\\\/enviedelisbonne.fr\\\/investir-em-lisboa\\\/\",\"name\":\"Investir em Lisboa - Ca\u00e7a em apartamentos - Rentabilidade - Independ\u00eancia\",\"isPartOf\":{\"@id\":\"https:\\\/\\\/enviedelisbonne.fr\\\/#website\"},\"datePublished\":\"2020-12-18T16:01:49+00:00\",\"description\":\"Envie de Lisbonne est\u00e1 \u00e0 procura do seu alojamento, acompanha-o no seu projecto de investimento - Apartamento \\\/ Casa em Lisboa e sua regi\u00e3o\",\"breadcrumb\":{\"@id\":\"https:\\\/\\\/enviedelisbonne.fr\\\/investir-em-lisboa\\\/#breadcrumb\"},\"inLanguage\":\"en-GB\",\"potentialAction\":[{\"@type\":\"ReadAction\",\"target\":[\"https:\\\/\\\/enviedelisbonne.fr\\\/investir-em-lisboa\\\/\"]}]},{\"@type\":\"BreadcrumbList\",\"@id\":\"https:\\\/\\\/enviedelisbonne.fr\\\/investir-em-lisboa\\\/#breadcrumb\",\"itemListElement\":[{\"@type\":\"ListItem\",\"position\":1,\"name\":\"Accueil\",\"item\":\"https:\\\/\\\/enviedelisbonne.fr\\\/\"},{\"@type\":\"ListItem\",\"position\":2,\"name\":\"Investir em Lisboa\"}]},{\"@type\":\"WebSite\",\"@id\":\"https:\\\/\\\/enviedelisbonne.fr\\\/#website\",\"url\":\"https:\\\/\\\/enviedelisbonne.fr\\\/\",\"name\":\"Envie de Lisbonne\",\"description\":\"S&#039;installer sur Lisbonne avec Envie de Lisbonne :) [:en]- S&#039;installer sur Lisbonne avec Jean Luc :) [:pt]- S&#039;installer sur Lisbonne avec Jean Luc :) [:]\",\"publisher\":{\"@id\":\"https:\\\/\\\/enviedelisbonne.fr\\\/#organization\"},\"potentialAction\":[{\"@type\":\"SearchAction\",\"target\":{\"@type\":\"EntryPoint\",\"urlTemplate\":\"https:\\\/\\\/enviedelisbonne.fr\\\/?s={search_term_string}\"},\"query-input\":{\"@type\":\"PropertyValueSpecification\",\"valueRequired\":true,\"valueName\":\"search_term_string\"}}],\"inLanguage\":\"en-GB\"},{\"@type\":\"Organization\",\"@id\":\"https:\\\/\\\/enviedelisbonne.fr\\\/#organization\",\"name\":\"Envie de Lisbonne\",\"url\":\"https:\\\/\\\/enviedelisbonne.fr\\\/\",\"logo\":{\"@type\":\"ImageObject\",\"inLanguage\":\"en-GB\",\"@id\":\"https:\\\/\\\/enviedelisbonne.fr\\\/#\\\/schema\\\/logo\\\/image\\\/\",\"url\":\"https:\\\/\\\/enviedelisbonne.fr\\\/wp-content\\\/uploads\\\/2020\\\/11\\\/Untitled-design-1.png\",\"contentUrl\":\"https:\\\/\\\/enviedelisbonne.fr\\\/wp-content\\\/uploads\\\/2020\\\/11\\\/Untitled-design-1.png\",\"width\":1200,\"height\":630,\"caption\":\"Envie de Lisbonne\"},\"image\":{\"@id\":\"https:\\\/\\\/enviedelisbonne.fr\\\/#\\\/schema\\\/logo\\\/image\\\/\"}}]}<\/script>\n<!-- \/ Yoast SEO plugin. -->","yoast_head_json":{"title":"Investir em Lisboa - Ca\u00e7a em apartamentos - Rentabilidade - Independ\u00eancia","description":"Envie de Lisbonne est\u00e1 \u00e0 procura do seu alojamento, acompanha-o no seu projecto de investimento - Apartamento \/ Casa em Lisboa e sua regi\u00e3o","robots":{"index":"index","follow":"follow","max-snippet":"max-snippet:-1","max-image-preview":"max-image-preview:large","max-video-preview":"max-video-preview:-1"},"canonical":"https:\/\/enviedelisbonne.fr\/en\/investir-em-lisboa\/","og_locale":"en_GB","og_type":"article","og_title":"Investir em Lisboa - Ca\u00e7a em apartamentos - Rentabilidade - Independ\u00eancia","og_description":"Envie de Lisbonne trata da ca\u00e7a ao apartamento, acompanha os investidores na procura de propriedades e aconselha sobre o estabelecimento do patrim\u00f3nio","og_url":"https:\/\/enviedelisbonne.fr\/en\/investir-em-lisboa\/","og_site_name":"Envie de Lisbonne","og_image":[{"width":1200,"height":630,"url":"https:\/\/enviedelisbonne.fr\/wp-content\/uploads\/2020\/11\/Untitled-design-1.png","type":"image\/png"}],"twitter_card":"summary_large_image","schema":{"@context":"https:\/\/schema.org","@graph":[{"@type":"WebPage","@id":"https:\/\/enviedelisbonne.fr\/investir-em-lisboa\/","url":"https:\/\/enviedelisbonne.fr\/investir-em-lisboa\/","name":"Investir em Lisboa - Ca\u00e7a em apartamentos - Rentabilidade - Independ\u00eancia","isPartOf":{"@id":"https:\/\/enviedelisbonne.fr\/#website"},"datePublished":"2020-12-18T16:01:49+00:00","description":"Envie de Lisbonne est\u00e1 \u00e0 procura do seu alojamento, acompanha-o no seu projecto de investimento - Apartamento \/ Casa em Lisboa e sua regi\u00e3o","breadcrumb":{"@id":"https:\/\/enviedelisbonne.fr\/investir-em-lisboa\/#breadcrumb"},"inLanguage":"en-GB","potentialAction":[{"@type":"ReadAction","target":["https:\/\/enviedelisbonne.fr\/investir-em-lisboa\/"]}]},{"@type":"BreadcrumbList","@id":"https:\/\/enviedelisbonne.fr\/investir-em-lisboa\/#breadcrumb","itemListElement":[{"@type":"ListItem","position":1,"name":"Accueil","item":"https:\/\/enviedelisbonne.fr\/"},{"@type":"ListItem","position":2,"name":"Investir em Lisboa"}]},{"@type":"WebSite","@id":"https:\/\/enviedelisbonne.fr\/#website","url":"https:\/\/enviedelisbonne.fr\/","name":"Envie de Lisbonne","description":"S&#039;installer sur Lisbonne avec Envie de Lisbonne :) [:en]- S&#039;installer sur Lisbonne avec Jean Luc :) [:pt]- S&#039;installer sur Lisbonne avec Jean Luc :) [:]","publisher":{"@id":"https:\/\/enviedelisbonne.fr\/#organization"},"potentialAction":[{"@type":"SearchAction","target":{"@type":"EntryPoint","urlTemplate":"https:\/\/enviedelisbonne.fr\/?s={search_term_string}"},"query-input":{"@type":"PropertyValueSpecification","valueRequired":true,"valueName":"search_term_string"}}],"inLanguage":"en-GB"},{"@type":"Organization","@id":"https:\/\/enviedelisbonne.fr\/#organization","name":"Envie de Lisbonne","url":"https:\/\/enviedelisbonne.fr\/","logo":{"@type":"ImageObject","inLanguage":"en-GB","@id":"https:\/\/enviedelisbonne.fr\/#\/schema\/logo\/image\/","url":"https:\/\/enviedelisbonne.fr\/wp-content\/uploads\/2020\/11\/Untitled-design-1.png","contentUrl":"https:\/\/enviedelisbonne.fr\/wp-content\/uploads\/2020\/11\/Untitled-design-1.png","width":1200,"height":630,"caption":"Envie de Lisbonne"},"image":{"@id":"https:\/\/enviedelisbonne.fr\/#\/schema\/logo\/image\/"}}]}},"_links":{"self":[{"href":"https:\/\/enviedelisbonne.fr\/en\/wp-json\/wp\/v2\/pages\/2073","targetHints":{"allow":["GET"]}}],"collection":[{"href":"https:\/\/enviedelisbonne.fr\/en\/wp-json\/wp\/v2\/pages"}],"about":[{"href":"https:\/\/enviedelisbonne.fr\/en\/wp-json\/wp\/v2\/types\/page"}],"author":[{"embeddable":true,"href":"https:\/\/enviedelisbonne.fr\/en\/wp-json\/wp\/v2\/users\/2"}],"replies":[{"embeddable":true,"href":"https:\/\/enviedelisbonne.fr\/en\/wp-json\/wp\/v2\/comments?post=2073"}],"version-history":[{"count":0,"href":"https:\/\/enviedelisbonne.fr\/en\/wp-json\/wp\/v2\/pages\/2073\/revisions"}],"wp:attachment":[{"href":"https:\/\/enviedelisbonne.fr\/en\/wp-json\/wp\/v2\/media?parent=2073"}],"curies":[{"name":"wp","href":"https:\/\/api.w.org\/{rel}","templated":true}]}}